{"id":842,"date":"2024-02-29T12:10:18","date_gmt":"2024-02-29T12:10:18","guid":{"rendered":"https:\/\/pole-de-sante-egreville.fr\/?page_id=842"},"modified":"2024-02-29T12:13:37","modified_gmt":"2024-02-29T12:13:37","slug":"elementor-842","status":"publish","type":"page","link":"https:\/\/pole-de-sante-egreville.fr\/?page_id=842","title":{"rendered":"Sp\u00e9cial enfants"},"content":{"rendered":"\t\t<div data-elementor-type=\"wp-page\" data-elementor-id=\"842\" class=\"elementor elementor-842\">\n\t\t\t\t\t\t<section class=\"elementor-section elementor-top-section elementor-element elementor-element-114704d elementor-section-boxed elementor-section-height-default elementor-section-height-default\" data-id=\"114704d\" data-element_type=\"section\" data-e-type=\"section\">\n\t\t\t\t\t\t<div class=\"elementor-container elementor-column-gap-default\">\n\t\t\t\t\t<div class=\"elementor-column elementor-col-100 elementor-top-column elementor-element elementor-element-1e7fc09\" data-id=\"1e7fc09\" data-element_type=\"column\" data-e-type=\"column\">\n\t\t\t<div class=\"elementor-widget-wrap elementor-element-populated\">\n\t\t\t\t\t\t<div class=\"elementor-element elementor-element-962c573 elementor-widget elementor-widget-heading\" data-id=\"962c573\" data-element_type=\"widget\" data-e-type=\"widget\" data-widget_type=\"heading.default\">\n\t\t\t\t<div class=\"elementor-widget-container\">\n\t\t\t\t\t<h2 class=\"elementor-heading-title elementor-size-default\">Le Petit guide sant\u00e9 du mini-gourmet<\/h2>\t\t\t\t<\/div>\n\t\t\t\t<\/div>\n\t\t\t\t\t<\/div>\n\t\t<\/div>\n\t\t\t\t\t<\/div>\n\t\t<\/section>\n\t\t\t\t<section class=\"elementor-section elementor-top-section elementor-element elementor-element-abbc62c elementor-section-boxed elementor-section-height-default elementor-section-height-default\" data-id=\"abbc62c\" data-element_type=\"section\" data-e-type=\"section\">\n\t\t\t\t\t\t<div class=\"elementor-container elementor-column-gap-default\">\n\t\t\t\t\t<div class=\"elementor-column elementor-col-100 elementor-top-column elementor-element elementor-element-b64576a\" data-id=\"b64576a\" data-element_type=\"column\" data-e-type=\"column\">\n\t\t\t<div class=\"elementor-widget-wrap elementor-element-populated\">\n\t\t\t\t\t\t<div class=\"elementor-element elementor-element-a28d310 elementor-widget elementor-widget-html\" data-id=\"a28d310\" data-element_type=\"widget\" data-e-type=\"widget\" data-widget_type=\"html.default\">\n\t\t\t\t<div class=\"elementor-widget-container\">\n\t\t\t\t\t<div style=\"text-align:center;\"><div style=\"margin:8px 0px 4px;\"><a href=\"https:\/\/www.calameo.com\/books\/002546570a0cd62d59242\" target=\"_blank\">Petit guide sant\u00e9 du Mini-Gourmet<\/a><\/div><iframe src=\"\/\/v.calameo.com\/?bkcode=002546570a0cd62d59242\" width=\"300\" height=\"194\" frameborder=\"0\" scrolling=\"no\" allowtransparency allowfullscreen style=\"margin:0 auto;\"><\/iframe><div style=\"margin:4px 0px 8px;\"><a href=\"http:\/\/www.calameo.com\/\">Publish at Calameo<\/a><\/div><\/div>\t\t\t\t<\/div>\n\t\t\t\t<\/div>\n\t\t\t\t\t<\/div>\n\t\t<\/div>\n\t\t\t\t\t<\/div>\n\t\t<\/section>\n\t\t\t\t<\/div>\n\t\t","protected":false},"excerpt":{"rendered":"<p>Le Petit guide sant\u00e9 du mini-gourmet Petit guide sant\u00e9 du Mini-GourmetPublish at Calameo<\/p>\n","protected":false},"author":1,"featured_media":0,"parent":0,"menu_order":0,"comment_status":"closed","ping_status":"closed","template":"","meta":{"footnotes":""},"class_list":["post-842","page","type-page","status-publish","hentry"],"yoast_head":"<!-- This site is optimized with the Yoast SEO plugin v27.5 - https:\/\/yoast.com\/product\/yoast-seo-wordpress\/ -->\n<title>Sp\u00e9cial enfants - P\u00f4le de Sant\u00e9 d&#039;Egreville<\/title>\n<meta name=\"robots\" content=\"index, follow, max-snippet:-1, max-image-preview:large, max-video-preview:-1\" \/>\n<link rel=\"canonical\" href=\"https:\/\/pole-de-sante-egreville.fr\/?page_id=842\" \/>\n<meta property=\"og:locale\" content=\"fr_FR\" \/>\n<meta property=\"og:type\" content=\"article\" \/>\n<meta property=\"og:title\" content=\"Sp\u00e9cial enfants - P\u00f4le de Sant\u00e9 d&#039;Egreville\" \/>\n<meta property=\"og:description\" content=\"Le Petit guide sant\u00e9 du mini-gourmet Petit guide sant\u00e9 du Mini-GourmetPublish at Calameo\" \/>\n<meta property=\"og:url\" content=\"https:\/\/pole-de-sante-egreville.fr\/?page_id=842\" \/>\n<meta property=\"og:site_name\" content=\"P\u00f4le de Sant\u00e9 d&#039;Egreville\" \/>\n<meta property=\"article:modified_time\" content=\"2024-02-29T12:13:37+00:00\" \/>\n<meta name=\"twitter:card\" content=\"summary_large_image\" \/>\n<meta name=\"twitter:label1\" content=\"Dur\u00e9e de lecture estim\u00e9e\" \/>\n\t<meta name=\"twitter:data1\" content=\"1 minute\" \/>\n<script type=\"application\/ld+json\" class=\"yoast-schema-graph\">{\"@context\":\"https:\\\/\\\/schema.org\",\"@graph\":[{\"@type\":\"WebPage\",\"@id\":\"https:\\\/\\\/pole-de-sante-egreville.fr\\\/?page_id=842\",\"url\":\"https:\\\/\\\/pole-de-sante-egreville.fr\\\/?page_id=842\",\"name\":\"Sp\u00e9cial enfants - P\u00f4le de Sant\u00e9 d&#039;Egreville\",\"isPartOf\":{\"@id\":\"https:\\\/\\\/pole-de-sante-egreville.fr\\\/#website\"},\"datePublished\":\"2024-02-29T12:10:18+00:00\",\"dateModified\":\"2024-02-29T12:13:37+00:00\",\"breadcrumb\":{\"@id\":\"https:\\\/\\\/pole-de-sante-egreville.fr\\\/?page_id=842#breadcrumb\"},\"inLanguage\":\"fr-FR\",\"potentialAction\":[{\"@type\":\"ReadAction\",\"target\":[\"https:\\\/\\\/pole-de-sante-egreville.fr\\\/?page_id=842\"]}]},{\"@type\":\"BreadcrumbList\",\"@id\":\"https:\\\/\\\/pole-de-sante-egreville.fr\\\/?page_id=842#breadcrumb\",\"itemListElement\":[{\"@type\":\"ListItem\",\"position\":1,\"name\":\"Accueil\",\"item\":\"https:\\\/\\\/pole-de-sante-egreville.fr\\\/\"},{\"@type\":\"ListItem\",\"position\":2,\"name\":\"Sp\u00e9cial enfants\"}]},{\"@type\":\"WebSite\",\"@id\":\"https:\\\/\\\/pole-de-sante-egreville.fr\\\/#website\",\"url\":\"https:\\\/\\\/pole-de-sante-egreville.fr\\\/\",\"name\":\"P\u00f4le de Sant\u00e9 d&#039;Egreville\",\"description\":\"M\u00e9dicaux et Param\u00e9dicaux\",\"publisher\":{\"@id\":\"https:\\\/\\\/pole-de-sante-egreville.fr\\\/#organization\"},\"alternateName\":\"Maison de Sant\u00e9 d'Egreville\",\"potentialAction\":[{\"@type\":\"SearchAction\",\"target\":{\"@type\":\"EntryPoint\",\"urlTemplate\":\"https:\\\/\\\/pole-de-sante-egreville.fr\\\/?s={search_term_string}\"},\"query-input\":{\"@type\":\"PropertyValueSpecification\",\"valueRequired\":true,\"valueName\":\"search_term_string\"}}],\"inLanguage\":\"fr-FR\"},{\"@type\":\"Organization\",\"@id\":\"https:\\\/\\\/pole-de-sante-egreville.fr\\\/#organization\",\"name\":\"P\u00f4le de Sant\u00e9 d&#039;Egreville\",\"url\":\"https:\\\/\\\/pole-de-sante-egreville.fr\\\/\",\"logo\":{\"@type\":\"ImageObject\",\"inLanguage\":\"fr-FR\",\"@id\":\"https:\\\/\\\/pole-de-sante-egreville.fr\\\/#\\\/schema\\\/logo\\\/image\\\/\",\"url\":\"https:\\\/\\\/pole-de-sante-egreville.fr\\\/wp-content\\\/uploads\\\/2022\\\/11\\\/pole-sante-1024x768-1.jpg\",\"contentUrl\":\"https:\\\/\\\/pole-de-sante-egreville.fr\\\/wp-content\\\/uploads\\\/2022\\\/11\\\/pole-sante-1024x768-1.jpg\",\"width\":1024,\"height\":768,\"caption\":\"P\u00f4le de Sant\u00e9 d&#039;Egreville\"},\"image\":{\"@id\":\"https:\\\/\\\/pole-de-sante-egreville.fr\\\/#\\\/schema\\\/logo\\\/image\\\/\"}}]}<\/script>\n<!-- \/ Yoast SEO plugin. -->","yoast_head_json":{"title":"Sp\u00e9cial enfants - P\u00f4le de Sant\u00e9 d&#039;Egreville","robots":{"index":"index","follow":"follow","max-snippet":"max-snippet:-1","max-image-preview":"max-image-preview:large","max-video-preview":"max-video-preview:-1"},"canonical":"https:\/\/pole-de-sante-egreville.fr\/?page_id=842","og_locale":"fr_FR","og_type":"article","og_title":"Sp\u00e9cial enfants - P\u00f4le de Sant\u00e9 d&#039;Egreville","og_description":"Le Petit guide sant\u00e9 du mini-gourmet Petit guide sant\u00e9 du Mini-GourmetPublish at Calameo","og_url":"https:\/\/pole-de-sante-egreville.fr\/?page_id=842","og_site_name":"P\u00f4le de Sant\u00e9 d&#039;Egreville","article_modified_time":"2024-02-29T12:13:37+00:00","twitter_card":"summary_large_image","twitter_misc":{"Dur\u00e9e de lecture estim\u00e9e":"1 minute"},"schema":{"@context":"https:\/\/schema.org","@graph":[{"@type":"WebPage","@id":"https:\/\/pole-de-sante-egreville.fr\/?page_id=842","url":"https:\/\/pole-de-sante-egreville.fr\/?page_id=842","name":"Sp\u00e9cial enfants - P\u00f4le de Sant\u00e9 d&#039;Egreville","isPartOf":{"@id":"https:\/\/pole-de-sante-egreville.fr\/#website"},"datePublished":"2024-02-29T12:10:18+00:00","dateModified":"2024-02-29T12:13:37+00:00","breadcrumb":{"@id":"https:\/\/pole-de-sante-egreville.fr\/?page_id=842#breadcrumb"},"inLanguage":"fr-FR","potentialAction":[{"@type":"ReadAction","target":["https:\/\/pole-de-sante-egreville.fr\/?page_id=842"]}]},{"@type":"BreadcrumbList","@id":"https:\/\/pole-de-sante-egreville.fr\/?page_id=842#breadcrumb","itemListElement":[{"@type":"ListItem","position":1,"name":"Accueil","item":"https:\/\/pole-de-sante-egreville.fr\/"},{"@type":"ListItem","position":2,"name":"Sp\u00e9cial enfants"}]},{"@type":"WebSite","@id":"https:\/\/pole-de-sante-egreville.fr\/#website","url":"https:\/\/pole-de-sante-egreville.fr\/","name":"P\u00f4le de Sant\u00e9 d&#039;Egreville","description":"M\u00e9dicaux et Param\u00e9dicaux","publisher":{"@id":"https:\/\/pole-de-sante-egreville.fr\/#organization"},"alternateName":"Maison de Sant\u00e9 d'Egreville","potentialAction":[{"@type":"SearchAction","target":{"@type":"EntryPoint","urlTemplate":"https:\/\/pole-de-sante-egreville.fr\/?s={search_term_string}"},"query-input":{"@type":"PropertyValueSpecification","valueRequired":true,"valueName":"search_term_string"}}],"inLanguage":"fr-FR"},{"@type":"Organization","@id":"https:\/\/pole-de-sante-egreville.fr\/#organization","name":"P\u00f4le de Sant\u00e9 d&#039;Egreville","url":"https:\/\/pole-de-sante-egreville.fr\/","logo":{"@type":"ImageObject","inLanguage":"fr-FR","@id":"https:\/\/pole-de-sante-egreville.fr\/#\/schema\/logo\/image\/","url":"https:\/\/pole-de-sante-egreville.fr\/wp-content\/uploads\/2022\/11\/pole-sante-1024x768-1.jpg","contentUrl":"https:\/\/pole-de-sante-egreville.fr\/wp-content\/uploads\/2022\/11\/pole-sante-1024x768-1.jpg","width":1024,"height":768,"caption":"P\u00f4le de Sant\u00e9 d&#039;Egreville"},"image":{"@id":"https:\/\/pole-de-sante-egreville.fr\/#\/schema\/logo\/image\/"}}]}},"_links":{"self":[{"href":"https:\/\/pole-de-sante-egreville.fr\/index.php?rest_route=\/wp\/v2\/pages\/842","targetHints":{"allow":["GET"]}}],"collection":[{"href":"https:\/\/pole-de-sante-egreville.fr\/index.php?rest_route=\/wp\/v2\/pages"}],"about":[{"href":"https:\/\/pole-de-sante-egreville.fr\/index.php?rest_route=\/wp\/v2\/types\/page"}],"author":[{"embeddable":true,"href":"https:\/\/pole-de-sante-egreville.fr\/index.php?rest_route=\/wp\/v2\/users\/1"}],"replies":[{"embeddable":true,"href":"https:\/\/pole-de-sante-egreville.fr\/index.php?rest_route=%2Fwp%2Fv2%2Fcomments&post=842"}],"version-history":[{"count":9,"href":"https:\/\/pole-de-sante-egreville.fr\/index.php?rest_route=\/wp\/v2\/pages\/842\/revisions"}],"predecessor-version":[{"id":851,"href":"https:\/\/pole-de-sante-egreville.fr\/index.php?rest_route=\/wp\/v2\/pages\/842\/revisions\/851"}],"wp:attachment":[{"href":"https:\/\/pole-de-sante-egreville.fr\/index.php?rest_route=%2Fwp%2Fv2%2Fmedia&parent=842"}],"curies":[{"name":"wp","href":"https:\/\/api.w.org\/{rel}","templated":true}]}}