{"id":408,"date":"2022-11-17T17:31:43","date_gmt":"2022-11-17T17:31:43","guid":{"rendered":"https:\/\/pole-de-sante-egreville.fr\/?page_id=408"},"modified":"2022-11-17T17:32:26","modified_gmt":"2022-11-17T17:32:26","slug":"voyager-a-letranger","status":"publish","type":"page","link":"https:\/\/pole-de-sante-egreville.fr\/?page_id=408","title":{"rendered":"Voyager \u00e0 l\u2019\u00e9tranger"},"content":{"rendered":"\t\t<div data-elementor-type=\"wp-page\" data-elementor-id=\"408\" class=\"elementor elementor-408\">\n\t\t\t\t\t\t<section class=\"elementor-section elementor-top-section elementor-element elementor-element-a32d044 elementor-section-boxed elementor-section-height-default elementor-section-height-default\" data-id=\"a32d044\" data-element_type=\"section\" data-e-type=\"section\">\n\t\t\t\t\t\t<div class=\"elementor-container elementor-column-gap-default\">\n\t\t\t\t\t<div class=\"elementor-column elementor-col-100 elementor-top-column elementor-element elementor-element-8d3a364\" data-id=\"8d3a364\" data-element_type=\"column\" data-e-type=\"column\">\n\t\t\t<div class=\"elementor-widget-wrap elementor-element-populated\">\n\t\t\t\t\t\t<div class=\"elementor-element elementor-element-9f22be1 elementor-widget elementor-widget-text-editor\" data-id=\"9f22be1\" data-element_type=\"widget\" data-e-type=\"widget\" data-widget_type=\"text-editor.default\">\n\t\t\t\t<div class=\"elementor-widget-container\">\n\t\t\t\t\t\t\t\t\t<p><strong>QUAND VOUS ETES A L\u2019ETRANGER<\/strong><\/p><p>La 1\u00e8re cause de rapatriement = accident de la route<\/p><p>\u25ba\u00a0l\u2019eau :<br \/>ne boire que de l\u2019eau en bouteille ferm\u00e9e et autres boissons \u00ab ferm\u00e9es \u00bb, \u00e9viter<br \/>les gla\u00e7ons m\u00eame dans les h\u00f4tels de luxe, \u00e9viter les glaces, milk-shake, \u2026\u2026., ne<br \/>manger que des fruits \u00ab que l\u2019on \u00e9pluche \u00bb, lavage des dents \u00e0 eau en bouteille<br \/>\u25ba\u00a0les moustiques :<br \/>pour l\u2019anoph\u00e8le (vecteur du paludisme ) : \u00e0 la tomb\u00e9e de la<br \/>nuit, (mais pour d\u2019autres moustiques porteurs d\u2019autres maladies : c\u2019est en plein<br \/>jour)\u2026en pratique produit moustiques \u00ab zone tropicale \u00bb manches longues et<br \/>pantalons longs<br \/>\u25baprotection par rapport au soleil<\/p><p>En cas de\u00a0<strong>syndrome pseudo grippal<\/strong>\u00a0(temp\u00e9rature, courbatures, douleurs<br \/>musculaires ou articulaires) ne jamais prendre d\u2019aspirine ou d\u2019anti inflammatoires :<br \/>ne prendre que du paracetamol (doliprane, efferalgan, dafalgan) il y a des risques<br \/>vitaux.<br \/>Un\u00a0<strong>syndrome grippal<\/strong>\u00a0peut \u00eatre une Dengue ou chikungunya\u2026.et il y a des contre-indication (dont l\u2019aspirine et les anti-inflammatoire).<br \/>En cas de\u00a0<strong>diarrh\u00e9e<\/strong>\u00a0: jamais imodium (loperamide) , pr\u00e9f\u00e9rer smecta et tiorfan<br \/>si diarrh\u00e9e sup\u00e9rieure \u00e0 48h : on peut prendre 1 ciprofloxacine (antibiotique) et si arr\u00eat diarrh\u00e9e apr\u00e8s 1 prise alors : arr\u00eat antibiotique<br \/>si\u00a0<strong>diarrh\u00e9e + temp\u00e9rature<\/strong>\u00a0et\/ou\u00a0<strong>diarrh\u00e9e sanglante<\/strong>\u00a0: prendre d\u2019embl\u00e9e<br \/>ciprofloxacine : 1 matin et 1 le soir pendant 5 \u00e0 7 jours (attention risque tendineux avec ciprofloxacine et photosensibilit\u00e9).<br \/>Pour le\u00a0<strong>paludisme<\/strong>\u00a0: malarone 1\/j et poursuivre jusqu\u2019\u00e0 8 jours apr\u00e8s le retour (il est<br \/>indispensable de poursuivre les comprim\u00e9s apr\u00e8s le retour pendant un temps<br \/>fonction du traitement).<br \/>En cas d\u2019intol\u00e9rance a la malarone (troubles digestifs) alors Doxy 100 1\/jour mais poursuivre 28 jours apr\u00e8s le retour (encore 1 fois : indispensable).<br \/>Toutes\u00a0<strong>plaies<\/strong>\u00a0ou toute\u00a0<strong>piq\u00fbre d\u2019insecte<\/strong>\u00a0est une porte d\u2019entr\u00e9e bact\u00e9rienne : d\u00e9sinfecter ! Apr\u00e8s avoir lav\u00e9 \u00e0 eau + savon<\/p>\t\t\t\t\t\t\t\t<\/div>\n\t\t\t\t<\/div>\n\t\t\t\t\t<\/div>\n\t\t<\/div>\n\t\t\t\t\t<\/div>\n\t\t<\/section>\n\t\t\t\t<\/div>\n\t\t","protected":false},"excerpt":{"rendered":"<p>QUAND VOUS ETES A L\u2019ETRANGER La 1\u00e8re cause de rapatriement = accident de la route \u25ba\u00a0l\u2019eau :ne boire que de l\u2019eau en bouteille ferm\u00e9e et autres boissons \u00ab ferm\u00e9es \u00bb, \u00e9viterles gla\u00e7ons m\u00eame dans les h\u00f4tels de luxe, \u00e9viter les &hellip;<\/p>\n<p class=\"read-more\"> <a class=\"more-link\" href=\"https:\/\/pole-de-sante-egreville.fr\/?page_id=408\"> <span class=\"screen-reader-text\">Voyager \u00e0 l\u2019\u00e9tranger<\/span> Read More &raquo;<\/a><\/p>\n","protected":false},"author":1,"featured_media":0,"parent":0,"menu_order":0,"comment_status":"closed","ping_status":"closed","template":"","meta":{"footnotes":""},"class_list":["post-408","page","type-page","status-publish","hentry"],"yoast_head":"<!-- This site is optimized with the Yoast SEO plugin v27.5 - https:\/\/yoast.com\/product\/yoast-seo-wordpress\/ -->\n<title>Voyager \u00e0 l\u2019\u00e9tranger - P\u00f4le de Sant\u00e9 d&#039;Egreville<\/title>\n<meta name=\"robots\" content=\"index, follow, max-snippet:-1, max-image-preview:large, max-video-preview:-1\" \/>\n<link rel=\"canonical\" href=\"https:\/\/pole-de-sante-egreville.fr\/?page_id=408\" \/>\n<meta property=\"og:locale\" content=\"fr_FR\" \/>\n<meta property=\"og:type\" content=\"article\" \/>\n<meta property=\"og:title\" content=\"Voyager \u00e0 l\u2019\u00e9tranger - P\u00f4le de Sant\u00e9 d&#039;Egreville\" \/>\n<meta property=\"og:description\" content=\"QUAND VOUS ETES A L\u2019ETRANGER La 1\u00e8re cause de rapatriement = accident de la route \u25ba\u00a0l\u2019eau :ne boire que de l\u2019eau en bouteille ferm\u00e9e et autres boissons \u00ab ferm\u00e9es \u00bb, \u00e9viterles gla\u00e7ons m\u00eame dans les h\u00f4tels de luxe, \u00e9viter les &hellip; Voyager \u00e0 l\u2019\u00e9tranger Read More &raquo;\" \/>\n<meta property=\"og:url\" content=\"https:\/\/pole-de-sante-egreville.fr\/?page_id=408\" \/>\n<meta property=\"og:site_name\" content=\"P\u00f4le de Sant\u00e9 d&#039;Egreville\" \/>\n<meta property=\"article:modified_time\" content=\"2022-11-17T17:32:26+00:00\" \/>\n<meta name=\"twitter:card\" content=\"summary_large_image\" \/>\n<meta name=\"twitter:label1\" content=\"Dur\u00e9e de lecture estim\u00e9e\" \/>\n\t<meta name=\"twitter:data1\" content=\"1 minute\" \/>\n<script type=\"application\/ld+json\" class=\"yoast-schema-graph\">{\"@context\":\"https:\\\/\\\/schema.org\",\"@graph\":[{\"@type\":\"WebPage\",\"@id\":\"https:\\\/\\\/pole-de-sante-egreville.fr\\\/?page_id=408\",\"url\":\"https:\\\/\\\/pole-de-sante-egreville.fr\\\/?page_id=408\",\"name\":\"Voyager \u00e0 l\u2019\u00e9tranger - P\u00f4le de Sant\u00e9 d&#039;Egreville\",\"isPartOf\":{\"@id\":\"https:\\\/\\\/pole-de-sante-egreville.fr\\\/#website\"},\"datePublished\":\"2022-11-17T17:31:43+00:00\",\"dateModified\":\"2022-11-17T17:32:26+00:00\",\"breadcrumb\":{\"@id\":\"https:\\\/\\\/pole-de-sante-egreville.fr\\\/?page_id=408#breadcrumb\"},\"inLanguage\":\"fr-FR\",\"potentialAction\":[{\"@type\":\"ReadAction\",\"target\":[\"https:\\\/\\\/pole-de-sante-egreville.fr\\\/?page_id=408\"]}]},{\"@type\":\"BreadcrumbList\",\"@id\":\"https:\\\/\\\/pole-de-sante-egreville.fr\\\/?page_id=408#breadcrumb\",\"itemListElement\":[{\"@type\":\"ListItem\",\"position\":1,\"name\":\"Accueil\",\"item\":\"https:\\\/\\\/pole-de-sante-egreville.fr\\\/\"},{\"@type\":\"ListItem\",\"position\":2,\"name\":\"Voyager \u00e0 l\u2019\u00e9tranger\"}]},{\"@type\":\"WebSite\",\"@id\":\"https:\\\/\\\/pole-de-sante-egreville.fr\\\/#website\",\"url\":\"https:\\\/\\\/pole-de-sante-egreville.fr\\\/\",\"name\":\"P\u00f4le de Sant\u00e9 d&#039;Egreville\",\"description\":\"M\u00e9dicaux et Param\u00e9dicaux\",\"publisher\":{\"@id\":\"https:\\\/\\\/pole-de-sante-egreville.fr\\\/#organization\"},\"alternateName\":\"Maison de Sant\u00e9 d'Egreville\",\"potentialAction\":[{\"@type\":\"SearchAction\",\"target\":{\"@type\":\"EntryPoint\",\"urlTemplate\":\"https:\\\/\\\/pole-de-sante-egreville.fr\\\/?s={search_term_string}\"},\"query-input\":{\"@type\":\"PropertyValueSpecification\",\"valueRequired\":true,\"valueName\":\"search_term_string\"}}],\"inLanguage\":\"fr-FR\"},{\"@type\":\"Organization\",\"@id\":\"https:\\\/\\\/pole-de-sante-egreville.fr\\\/#organization\",\"name\":\"P\u00f4le de Sant\u00e9 d&#039;Egreville\",\"url\":\"https:\\\/\\\/pole-de-sante-egreville.fr\\\/\",\"logo\":{\"@type\":\"ImageObject\",\"inLanguage\":\"fr-FR\",\"@id\":\"https:\\\/\\\/pole-de-sante-egreville.fr\\\/#\\\/schema\\\/logo\\\/image\\\/\",\"url\":\"https:\\\/\\\/pole-de-sante-egreville.fr\\\/wp-content\\\/uploads\\\/2022\\\/11\\\/pole-sante-1024x768-1.jpg\",\"contentUrl\":\"https:\\\/\\\/pole-de-sante-egreville.fr\\\/wp-content\\\/uploads\\\/2022\\\/11\\\/pole-sante-1024x768-1.jpg\",\"width\":1024,\"height\":768,\"caption\":\"P\u00f4le de Sant\u00e9 d&#039;Egreville\"},\"image\":{\"@id\":\"https:\\\/\\\/pole-de-sante-egreville.fr\\\/#\\\/schema\\\/logo\\\/image\\\/\"}}]}<\/script>\n<!-- \/ Yoast SEO plugin. -->","yoast_head_json":{"title":"Voyager \u00e0 l\u2019\u00e9tranger - P\u00f4le de Sant\u00e9 d&#039;Egreville","robots":{"index":"index","follow":"follow","max-snippet":"max-snippet:-1","max-image-preview":"max-image-preview:large","max-video-preview":"max-video-preview:-1"},"canonical":"https:\/\/pole-de-sante-egreville.fr\/?page_id=408","og_locale":"fr_FR","og_type":"article","og_title":"Voyager \u00e0 l\u2019\u00e9tranger - P\u00f4le de Sant\u00e9 d&#039;Egreville","og_description":"QUAND VOUS ETES A L\u2019ETRANGER La 1\u00e8re cause de rapatriement = accident de la route \u25ba\u00a0l\u2019eau :ne boire que de l\u2019eau en bouteille ferm\u00e9e et autres boissons \u00ab ferm\u00e9es \u00bb, \u00e9viterles gla\u00e7ons m\u00eame dans les h\u00f4tels de luxe, \u00e9viter les &hellip; Voyager \u00e0 l\u2019\u00e9tranger Read More &raquo;","og_url":"https:\/\/pole-de-sante-egreville.fr\/?page_id=408","og_site_name":"P\u00f4le de Sant\u00e9 d&#039;Egreville","article_modified_time":"2022-11-17T17:32:26+00:00","twitter_card":"summary_large_image","twitter_misc":{"Dur\u00e9e de lecture estim\u00e9e":"1 minute"},"schema":{"@context":"https:\/\/schema.org","@graph":[{"@type":"WebPage","@id":"https:\/\/pole-de-sante-egreville.fr\/?page_id=408","url":"https:\/\/pole-de-sante-egreville.fr\/?page_id=408","name":"Voyager \u00e0 l\u2019\u00e9tranger - P\u00f4le de Sant\u00e9 d&#039;Egreville","isPartOf":{"@id":"https:\/\/pole-de-sante-egreville.fr\/#website"},"datePublished":"2022-11-17T17:31:43+00:00","dateModified":"2022-11-17T17:32:26+00:00","breadcrumb":{"@id":"https:\/\/pole-de-sante-egreville.fr\/?page_id=408#breadcrumb"},"inLanguage":"fr-FR","potentialAction":[{"@type":"ReadAction","target":["https:\/\/pole-de-sante-egreville.fr\/?page_id=408"]}]},{"@type":"BreadcrumbList","@id":"https:\/\/pole-de-sante-egreville.fr\/?page_id=408#breadcrumb","itemListElement":[{"@type":"ListItem","position":1,"name":"Accueil","item":"https:\/\/pole-de-sante-egreville.fr\/"},{"@type":"ListItem","position":2,"name":"Voyager \u00e0 l\u2019\u00e9tranger"}]},{"@type":"WebSite","@id":"https:\/\/pole-de-sante-egreville.fr\/#website","url":"https:\/\/pole-de-sante-egreville.fr\/","name":"P\u00f4le de Sant\u00e9 d&#039;Egreville","description":"M\u00e9dicaux et Param\u00e9dicaux","publisher":{"@id":"https:\/\/pole-de-sante-egreville.fr\/#organization"},"alternateName":"Maison de Sant\u00e9 d'Egreville","potentialAction":[{"@type":"SearchAction","target":{"@type":"EntryPoint","urlTemplate":"https:\/\/pole-de-sante-egreville.fr\/?s={search_term_string}"},"query-input":{"@type":"PropertyValueSpecification","valueRequired":true,"valueName":"search_term_string"}}],"inLanguage":"fr-FR"},{"@type":"Organization","@id":"https:\/\/pole-de-sante-egreville.fr\/#organization","name":"P\u00f4le de Sant\u00e9 d&#039;Egreville","url":"https:\/\/pole-de-sante-egreville.fr\/","logo":{"@type":"ImageObject","inLanguage":"fr-FR","@id":"https:\/\/pole-de-sante-egreville.fr\/#\/schema\/logo\/image\/","url":"https:\/\/pole-de-sante-egreville.fr\/wp-content\/uploads\/2022\/11\/pole-sante-1024x768-1.jpg","contentUrl":"https:\/\/pole-de-sante-egreville.fr\/wp-content\/uploads\/2022\/11\/pole-sante-1024x768-1.jpg","width":1024,"height":768,"caption":"P\u00f4le de Sant\u00e9 d&#039;Egreville"},"image":{"@id":"https:\/\/pole-de-sante-egreville.fr\/#\/schema\/logo\/image\/"}}]}},"_links":{"self":[{"href":"https:\/\/pole-de-sante-egreville.fr\/index.php?rest_route=\/wp\/v2\/pages\/408","targetHints":{"allow":["GET"]}}],"collection":[{"href":"https:\/\/pole-de-sante-egreville.fr\/index.php?rest_route=\/wp\/v2\/pages"}],"about":[{"href":"https:\/\/pole-de-sante-egreville.fr\/index.php?rest_route=\/wp\/v2\/types\/page"}],"author":[{"embeddable":true,"href":"https:\/\/pole-de-sante-egreville.fr\/index.php?rest_route=\/wp\/v2\/users\/1"}],"replies":[{"embeddable":true,"href":"https:\/\/pole-de-sante-egreville.fr\/index.php?rest_route=%2Fwp%2Fv2%2Fcomments&post=408"}],"version-history":[{"count":4,"href":"https:\/\/pole-de-sante-egreville.fr\/index.php?rest_route=\/wp\/v2\/pages\/408\/revisions"}],"predecessor-version":[{"id":412,"href":"https:\/\/pole-de-sante-egreville.fr\/index.php?rest_route=\/wp\/v2\/pages\/408\/revisions\/412"}],"wp:attachment":[{"href":"https:\/\/pole-de-sante-egreville.fr\/index.php?rest_route=%2Fwp%2Fv2%2Fmedia&parent=408"}],"curies":[{"name":"wp","href":"https:\/\/api.w.org\/{rel}","templated":true}]}}